{"id":115,"date":"2023-05-19T21:07:54","date_gmt":"2023-05-19T21:07:54","guid":{"rendered":"https:\/\/mivado.com\/eshop\/?page_id=115"},"modified":"2026-03-08T00:05:27","modified_gmt":"2026-03-08T05:05:27","slug":"training-events","status":"publish","type":"page","link":"https:\/\/mivado.com\/eshop\/training-events\/","title":{"rendered":"Webinars"},"content":{"rendered":"<div class=\"wpb-content-wrapper\"><p>[vc_row][vc_column][vc_column_text css=&#8221;&#8221;]<div class='etn-row etn-event-wrapper etn-event-list2'>\n\t\t\t\t\t\t\t\t<div class=\"etn-col-md-6 etn-col-lg-4\">\n\t\t\t\t\t\t\t\t<div class=\"etn-event-item\">\n\t\t\t\t\t\t\t\t\t\t<!-- thumbnail -->\n\t\t\t\t\t\t\t\t\t\t<div class=\"etn-event-thumb\">\n\t\t\t\t\t\t\t\t\t\t\t\t\t\t\t\t\t\t\t\t\t<a href=\"https:\/\/mivado.com\/eshop\/m_event\/utilisation-et-reglementation-des-excipients-dans-les-medicaments\/\" aria-label=\"Webinars\">\n\t\t\t\t\t\t\t\t\t\t\t\t<img decoding=\"async\" src=\"https:\/\/mivado.com\/eshop\/wp-content\/uploads\/2025\/08\/excipients_full_day_01.webp\" alt=\"Image\">\n\t\t\t\t\t\t\t\t\t\t\t<\/a>\n\t\t\t\t\t\t\t\t\t\t\t\t\t\t\t\t\t\t\t\t\t\n\t\t\t\t\t\t\t\t\t\t\t<div class=\"etn-event-category\">\n\t\t\t\t\t\t\t\t\t\t\t\t<span>French<\/span> \t\t\t\t\t\t\t\t\t\t\t<\/div>\n\t\t\t\t\t\t\t\t\t\t<\/div>\n\t\t\t\t\t\t\t\t\t\t<!-- thumbnail start-->\n\n\t\t\t\t\t\t\t\t\t\t<!-- content start-->\n\t\t\t\t\t\t\t\t\t\t<div class=\"etn-event-content\">\n\t\t\t\t\t\t\t\t\t\t\t\t\n\t\t\t\t\t\t\t\t\t\t\t\t<div class=\"event-top-meta\">\n\t\t\t\t\t\t\t\t\t\t\t\t\t\t\t\t\t\t\t\t\t\t\t\t\t\t\t\t\t\t\t\t\t\t\t\t\t\t\t\t\t\t\t\t\t<div class=\"etn-event-location\"><i class=\"etn-icon etn-location\"><\/i> Online<\/div>\n\t\t\t\t\t\t\t\t\t\t\t\t\t\t\t\t\t\t\t\t\t\t\t\t\t\t\t\t\t \n\n\t\t\t\t\t\t\t\t\t\t\t\t\t\t\n\t\t\t\t\t\t\t\t\t\t\t\t\t\t\t\t\t\t\t\t\t\t\t\t\t\t\t\t\t\t<div class='etn-ticket-price'>\n\t\t\t\t\t\t\t\t\t\t\t\t\t\t\t\t\t\t<i class=\"etn-icon etn-money-bill\"><\/i>\n\n\t\t\t\t\t\t\t\t\t\t\t\t\t\t\t\t\t\t\t\t\t\t\t\t\t\t\t\t\t\t\t\t\t\t\t\t$299.99-$399.99\t\t\t\t\t\t\t\t\t\t\t\t\t\t\t\t<\/div>\n\t\t\t\t\t\t\t\t\t\t\t\t\t\t\t\t\t\t\t\t\t\t\t\t\t\t<\/div>\n\n\t\t\t\t\t\t\t\t\t\t\t\t<h3 class=\"etn-title etn-event-title\"><a href=\"https:\/\/mivado.com\/eshop\/m_event\/utilisation-et-reglementation-des-excipients-dans-les-medicaments\/\"> Utilisation et r\u00e9glementation des excipients dans les m\u00e9dicaments<\/a> <\/h3>\n\t\t\t\t\t\t\t\t\t\t\t\t\t\t\t\t\t\t\t\t\t\t\t\t\t<p>Les excipients sont des composants essentiels des formulations pharmaceutiques, jouant des r\u00f4les cruciaux au-del\u00e0 du simple ingr\u00e9dient actif.<\/p>\n\t\t\t\t\t\t\t\t\t\t\t\t\t\t\t\t\t\t\t\t\t\t\t\t<div class=\"etn-event-footer\">\n\t\t\t\t\t\t\t\t\t\t\t\t\t\t<div class=\"etn-event-date\">\n\t\t\t\t\t\t\t\t\t\t\t\t\t\t\t\t\t\t<span>\n\t\t\t\t<i class=\"etn-icon etn-calendar\"><\/i>\n\t\t\t\t2026-04-29\t\t\t<\/span>\n\t\t\t\t\t\t\t\t\t\t\t\t\t\t\t\t<\/div>\n\t\t\t\t\t\t\t\t\t\t\t\t\t\t<div class=\"etn-atend-btn\">\n\t\t\t\t\t\t\t\t\t\t\t\t\t\t\t\t\t\t\t\t\t\t\t\t\t\t\t\t\t\t\t\t\t\t<a href=\"https:\/\/mivado.com\/eshop\/m_event\/utilisation-et-reglementation-des-excipients-dans-les-medicaments\/\" class=\"etn-btn etn-btn-border\" title=\"Utilisation et r\u00e9glementation des excipients dans les m\u00e9dicaments\">Attend <i class=\"etn-icon etn-arrow-right\"><\/i><\/a>\n\t\t\t\t\t\t\t\t\t\t\t\t\t\t\t\t\t\t\t\t\t\t\t\t\t\t\t\t\t\t\t\t<\/div>\n\t\t\t\t\t\t\t\t\t\t\t\t<\/div>\n\t\t\t\t\t\t\t\t\t\t<\/div>\n                                    \t                                    \n\t\t\t\t\t\t\t\t\t\t<!-- content end-->\n\t\t\t\t\t\t\t\t<\/div>\n\t\t\t\t\t\t\t\t<!-- etn event item end-->\n\t\t\t\t\t\t<\/div>\n\t\t\t\t\t\t\n\t\t\t\t\t\t\t\t\t\t\t\t<div class=\"etn-col-md-6 etn-col-lg-4\">\n\t\t\t\t\t\t\t\t<div class=\"etn-event-item\">\n\t\t\t\t\t\t\t\t\t\t<!-- thumbnail -->\n\t\t\t\t\t\t\t\t\t\t<div class=\"etn-event-thumb\">\n\t\t\t\t\t\t\t\t\t\t\t\t\t\t\t\t\t\t\t\t\t<a href=\"https:\/\/mivado.com\/eshop\/m_event\/bpf-affaires-reglementaires-et-systeme-qualite-dans-lespace-uemoa\/\" aria-label=\"Webinars\">\n\t\t\t\t\t\t\t\t\t\t\t\t<img decoding=\"async\" src=\"https:\/\/mivado.com\/eshop\/wp-content\/uploads\/2024\/08\/Poster-Lome-2024-Zoom-012.png\" alt=\"Image\">\n\t\t\t\t\t\t\t\t\t\t\t<\/a>\n\t\t\t\t\t\t\t\t\t\t\t\t\t\t\t\t\t\t\t\t\t\n\t\t\t\t\t\t\t\t\t\t\t<div class=\"etn-event-category\">\n\t\t\t\t\t\t\t\t\t\t\t\t<span>Africa Continent Only<\/span> \t\t\t\t\t\t\t\t\t\t\t<\/div>\n\t\t\t\t\t\t\t\t\t\t<\/div>\n\t\t\t\t\t\t\t\t\t\t<!-- thumbnail start-->\n\n\t\t\t\t\t\t\t\t\t\t<!-- content start-->\n\t\t\t\t\t\t\t\t\t\t<div class=\"etn-event-content\">\n\t\t\t\t\t\t\t\t\t\t\t\t\n\t\t\t\t\t\t\t\t\t\t\t\t<div class=\"event-top-meta\">\n\t\t\t\t\t\t\t\t\t\t\t\t\t\t\t\t\t\t\t\t\t\t\t\t\t\t\t\t\t\t\t\t\t\t\t\t\t\t\t\t\t\t\t\t\t<div class=\"etn-event-location\"><i class=\"etn-icon etn-location\"><\/i> Online<\/div>\n\t\t\t\t\t\t\t\t\t\t\t\t\t\t\t\t\t\t\t\t\t\t\t\t\t\t\t\t\t \n\n\t\t\t\t\t\t\t\t\t\t\t\t\t\t\n\t\t\t\t\t\t\t\t\t\t\t\t\t\t\t\t\t\t\t\t\t\t\t\t\t\t\t\t\t\t<div class='etn-ticket-price'>\n\t\t\t\t\t\t\t\t\t\t\t\t\t\t\t\t\t\t<i class=\"etn-icon etn-money-bill\"><\/i>\n\n\t\t\t\t\t\t\t\t\t\t\t\t\t\t\t\t\t\t\t\t\t\t\t\t\t\t\t\t\t\t\t\t\t\t\t\t$65-$100\t\t\t\t\t\t\t\t\t\t\t\t\t\t\t\t<\/div>\n\t\t\t\t\t\t\t\t\t\t\t\t\t\t\t\t\t\t\t\t\t\t\t\t\t\t<\/div>\n\n\t\t\t\t\t\t\t\t\t\t\t\t<h3 class=\"etn-title etn-event-title\"><a href=\"https:\/\/mivado.com\/eshop\/m_event\/bpf-affaires-reglementaires-et-systeme-qualite-dans-lespace-uemoa\/\"> BPF, Affaires R\u00e8glementaires et Syst\u00e8me qualit\u00e9 dans l\u2019espace UEMOA<\/a> <\/h3>\n\t\t\t\t\t\t\t\t\t\t\t\t\t\t\t\t\t\t\t\t\t\t\t\t\t<p>Ce programme est offert par l\u2019entreprise Mivado Global Performance \u00e0 des \u00e9tudiant.e.s et travailleurs\/travailleuses exer\u00e7ant ou qui veulent exercer des<\/p>\n\t\t\t\t\t\t\t\t\t\t\t\t\t\t\t\t\t\t\t\t\t\t\t\t<div class=\"etn-event-footer\">\n\t\t\t\t\t\t\t\t\t\t\t\t\t\t<div class=\"etn-event-date\">\n\t\t\t\t\t\t\t\t\t\t\t\t\t\t\t\t\t\t<span>\n\t\t\t\t<i class=\"etn-icon etn-calendar\"><\/i>\n\t\t\t\t2026-05-04\t\t\t<\/span>\n\t\t\t\t\t\t\t\t\t\t\t\t\t\t\t\t<\/div>\n\t\t\t\t\t\t\t\t\t\t\t\t\t\t<div class=\"etn-atend-btn\">\n\t\t\t\t\t\t\t\t\t\t\t\t\t\t\t\t\t\t\t\t\t\t\t\t\t\t\t\t\t\t\t\t\t\t<a href=\"https:\/\/mivado.com\/eshop\/m_event\/bpf-affaires-reglementaires-et-systeme-qualite-dans-lespace-uemoa\/\" class=\"etn-btn etn-btn-border\" title=\"BPF, Affaires R\u00e8glementaires et Syst\u00e8me qualit\u00e9 dans l\u2019espace UEMOA\">Attend <i class=\"etn-icon etn-arrow-right\"><\/i><\/a>\n\t\t\t\t\t\t\t\t\t\t\t\t\t\t\t\t\t\t\t\t\t\t\t\t\t\t\t\t\t\t\t\t<\/div>\n\t\t\t\t\t\t\t\t\t\t\t\t<\/div>\n\t\t\t\t\t\t\t\t\t\t<\/div>\n                                    \t                                    \n\t\t\t\t\t\t\t\t\t\t<!-- content end-->\n\t\t\t\t\t\t\t\t<\/div>\n\t\t\t\t\t\t\t\t<!-- etn event item end-->\n\t\t\t\t\t\t<\/div>\n\t\t\t\t\t\t\n\t\t\t\t\t\t\t\t\t\t\t\t<div class=\"etn-col-md-6 etn-col-lg-4\">\n\t\t\t\t\t\t\t\t<div class=\"etn-event-item\">\n\t\t\t\t\t\t\t\t\t\t<!-- thumbnail -->\n\t\t\t\t\t\t\t\t\t\t<div class=\"etn-event-thumb\">\n\t\t\t\t\t\t\t\t\t\t\t\t\t\t\t\t\t\t\t\t\t<a href=\"https:\/\/mivado.com\/eshop\/m_event\/nouvelle-ebauche-des-bpf-des-produits-de-sante-naturels-au-canada\/\" aria-label=\"Webinars\">\n\t\t\t\t\t\t\t\t\t\t\t\t<img decoding=\"async\" src=\"https:\/\/mivado.com\/eshop\/wp-content\/uploads\/2025\/09\/new_gui-0158-psn-01.webp\" alt=\"Image\">\n\t\t\t\t\t\t\t\t\t\t\t<\/a>\n\t\t\t\t\t\t\t\t\t\t\t\t\t\t\t\t\t\t\t\t\t\n\t\t\t\t\t\t\t\t\t\t\t<div class=\"etn-event-category\">\n\t\t\t\t\t\t\t\t\t\t\t\t<span>French<\/span> \t\t\t\t\t\t\t\t\t\t\t<\/div>\n\t\t\t\t\t\t\t\t\t\t<\/div>\n\t\t\t\t\t\t\t\t\t\t<!-- thumbnail start-->\n\n\t\t\t\t\t\t\t\t\t\t<!-- content start-->\n\t\t\t\t\t\t\t\t\t\t<div class=\"etn-event-content\">\n\t\t\t\t\t\t\t\t\t\t\t\t\n\t\t\t\t\t\t\t\t\t\t\t\t<div class=\"event-top-meta\">\n\t\t\t\t\t\t\t\t\t\t\t\t\t\t\t\t\t\t\t\t\t\t\t\t\t\t\t\t\t\t\t\t\t\t\t\t\t\t\t\t\t\t\t\t\t<div class=\"etn-event-location\"><i class=\"etn-icon etn-location\"><\/i> Online<\/div>\n\t\t\t\t\t\t\t\t\t\t\t\t\t\t\t\t\t\t\t\t\t\t\t\t\t\t\t\t\t \n\n\t\t\t\t\t\t\t\t\t\t\t\t\t\t\n\t\t\t\t\t\t\t\t\t\t\t\t\t\t\t\t\t\t\t\t\t\t\t\t\t\t\t\t\t\t<div class='etn-ticket-price'>\n\t\t\t\t\t\t\t\t\t\t\t\t\t\t\t\t\t\t<i class=\"etn-icon etn-money-bill\"><\/i>\n\n\t\t\t\t\t\t\t\t\t\t\t\t\t\t\t\t\t\t\t\t\t\t\t\t\t\t\t\t\t\t\t\t\t\t\t\t$299.99-$399.99\t\t\t\t\t\t\t\t\t\t\t\t\t\t\t\t<\/div>\n\t\t\t\t\t\t\t\t\t\t\t\t\t\t\t\t\t\t\t\t\t\t\t\t\t\t<\/div>\n\n\t\t\t\t\t\t\t\t\t\t\t\t<h3 class=\"etn-title etn-event-title\"><a href=\"https:\/\/mivado.com\/eshop\/m_event\/nouvelle-ebauche-des-bpf-des-produits-de-sante-naturels-au-canada\/\"> Au-del\u00e0 de la conformit\u00e9 : cr\u00e9er un syst\u00e8me qualit\u00e9 robuste avec le nouveau guide BPF GUI-0158 V4 des PSN<\/a> <\/h3>\n\t\t\t\t\t\t\t\t\t\t\t\t\t\t\t\t\t\t\t\t\t\t\t\t\t<p>Also available in English Cet atelier intensif d&#8217;une journ\u00e9e propose un examen approfondi de la version 4 du Guide des<\/p>\n\t\t\t\t\t\t\t\t\t\t\t\t\t\t\t\t\t\t\t\t\t\t\t\t<div class=\"etn-event-footer\">\n\t\t\t\t\t\t\t\t\t\t\t\t\t\t<div class=\"etn-event-date\">\n\t\t\t\t\t\t\t\t\t\t\t\t\t\t\t\t\t\t<span>\n\t\t\t\t<i class=\"etn-icon etn-calendar\"><\/i>\n\t\t\t\t2026-05-05\t\t\t<\/span>\n\t\t\t\t\t\t\t\t\t\t\t\t\t\t\t\t<\/div>\n\t\t\t\t\t\t\t\t\t\t\t\t\t\t<div class=\"etn-atend-btn\">\n\t\t\t\t\t\t\t\t\t\t\t\t\t\t\t\t\t\t\t\t\t\t\t\t\t\t\t\t\t\t\t\t\t\t<a href=\"https:\/\/mivado.com\/eshop\/m_event\/nouvelle-ebauche-des-bpf-des-produits-de-sante-naturels-au-canada\/\" class=\"etn-btn etn-btn-border\" title=\"Au-del\u00e0 de la conformit\u00e9 : cr\u00e9er un syst\u00e8me qualit\u00e9 robuste avec le nouveau guide BPF GUI-0158 V4 des PSN\">Attend <i class=\"etn-icon etn-arrow-right\"><\/i><\/a>\n\t\t\t\t\t\t\t\t\t\t\t\t\t\t\t\t\t\t\t\t\t\t\t\t\t\t\t\t\t\t\t\t<\/div>\n\t\t\t\t\t\t\t\t\t\t\t\t<\/div>\n\t\t\t\t\t\t\t\t\t\t<\/div>\n                                    \t                                    \n\t\t\t\t\t\t\t\t\t\t<!-- content end-->\n\t\t\t\t\t\t\t\t<\/div>\n\t\t\t\t\t\t\t\t<!-- etn event item end-->\n\t\t\t\t\t\t<\/div>\n\t\t\t\t\t\t\n\t\t\t\t\t\t\t\t\t\t\t\t<div class=\"etn-col-md-6 etn-col-lg-4\">\n\t\t\t\t\t\t\t\t<div class=\"etn-event-item\">\n\t\t\t\t\t\t\t\t\t\t<!-- thumbnail -->\n\t\t\t\t\t\t\t\t\t\t<div class=\"etn-event-thumb\">\n\t\t\t\t\t\t\t\t\t\t\t\t\t\t\t\t\t\t\t\t\t<a href=\"https:\/\/mivado.com\/eshop\/m_event\/gestion-de-projet-simplifiee-pour-un-chimiste-aguerri-2\/\" aria-label=\"Webinars\">\n\t\t\t\t\t\t\t\t\t\t\t\t<img decoding=\"async\" src=\"https:\/\/mivado.com\/eshop\/wp-content\/uploads\/2023\/10\/Project-Management-102.jpg\" alt=\"Image\">\n\t\t\t\t\t\t\t\t\t\t\t<\/a>\n\t\t\t\t\t\t\t\t\t\t\t\t\t\t\t\t\t\t\t\t\t\n\t\t\t\t\t\t\t\t\t\t\t<div class=\"etn-event-category\">\n\t\t\t\t\t\t\t\t\t\t\t\t<span>French<\/span> \t\t\t\t\t\t\t\t\t\t\t<\/div>\n\t\t\t\t\t\t\t\t\t\t<\/div>\n\t\t\t\t\t\t\t\t\t\t<!-- thumbnail start-->\n\n\t\t\t\t\t\t\t\t\t\t<!-- content start-->\n\t\t\t\t\t\t\t\t\t\t<div class=\"etn-event-content\">\n\t\t\t\t\t\t\t\t\t\t\t\t\n\t\t\t\t\t\t\t\t\t\t\t\t<div class=\"event-top-meta\">\n\t\t\t\t\t\t\t\t\t\t\t\t\t\t\t\t\t\t\t\t\t\t\t\t\t\t\t\t\t\t\t\t\t\t\t\t\t\t\t\t\t\t\t\t\t<div class=\"etn-event-location\"><i class=\"etn-icon etn-location\"><\/i> Online<\/div>\n\t\t\t\t\t\t\t\t\t\t\t\t\t\t\t\t\t\t\t\t\t\t\t\t\t\t\t\t\t \n\n\t\t\t\t\t\t\t\t\t\t\t\t\t\t\n\t\t\t\t\t\t\t\t\t\t\t\t\t\t\t\t\t\t\t\t\t\t\t\t\t\t\t\t\t\t<div class='etn-ticket-price'>\n\t\t\t\t\t\t\t\t\t\t\t\t\t\t\t\t\t\t<i class=\"etn-icon etn-money-bill\"><\/i>\n\n\t\t\t\t\t\t\t\t\t\t\t\t\t\t\t\t\t\t\t\t\t\t\t\t\t\t\t\t\t\t\t\t\t\t\t\t$249.99-$399.99\t\t\t\t\t\t\t\t\t\t\t\t\t\t\t\t<\/div>\n\t\t\t\t\t\t\t\t\t\t\t\t\t\t\t\t\t\t\t\t\t\t\t\t\t\t<\/div>\n\n\t\t\t\t\t\t\t\t\t\t\t\t<h3 class=\"etn-title etn-event-title\"><a href=\"https:\/\/mivado.com\/eshop\/m_event\/gestion-de-projet-simplifiee-pour-un-chimiste-aguerri-2\/\"> Le Laboratoire des projets : L\u2019Agilit\u00e9 et l\u2019IA pour vos succ\u00e8s scientifiques<\/a> <\/h3>\n\t\t\t\t\t\t\t\t\t\t\t\t\t\t\t\t\t\t\t\t\t\t\t\t\t<p>Vous \u00eates un professionnel de la chimie ou de la biochimie, talentueux dans votre domaine, mais la gestion de projet<\/p>\n\t\t\t\t\t\t\t\t\t\t\t\t\t\t\t\t\t\t\t\t\t\t\t\t<div class=\"etn-event-footer\">\n\t\t\t\t\t\t\t\t\t\t\t\t\t\t<div class=\"etn-event-date\">\n\t\t\t\t\t\t\t\t\t\t\t\t\t\t\t\t\t\t<span>\n\t\t\t\t<i class=\"etn-icon etn-calendar\"><\/i>\n\t\t\t\t2026-05-06\t\t\t<\/span>\n\t\t\t\t\t\t\t\t\t\t\t\t\t\t\t\t<\/div>\n\t\t\t\t\t\t\t\t\t\t\t\t\t\t<div class=\"etn-atend-btn\">\n\t\t\t\t\t\t\t\t\t\t\t\t\t\t\t\t\t\t\t\t\t\t\t\t\t\t\t\t\t\t\t\t\t\t<a href=\"https:\/\/mivado.com\/eshop\/m_event\/gestion-de-projet-simplifiee-pour-un-chimiste-aguerri-2\/\" class=\"etn-btn etn-btn-border\" title=\"Le Laboratoire des projets : L\u2019Agilit\u00e9 et l\u2019IA pour vos succ\u00e8s scientifiques\">Attend <i class=\"etn-icon etn-arrow-right\"><\/i><\/a>\n\t\t\t\t\t\t\t\t\t\t\t\t\t\t\t\t\t\t\t\t\t\t\t\t\t\t\t\t\t\t\t\t<\/div>\n\t\t\t\t\t\t\t\t\t\t\t\t<\/div>\n\t\t\t\t\t\t\t\t\t\t<\/div>\n                                    \t                                    \n\t\t\t\t\t\t\t\t\t\t<!-- content end-->\n\t\t\t\t\t\t\t\t<\/div>\n\t\t\t\t\t\t\t\t<!-- etn event item end-->\n\t\t\t\t\t\t<\/div>\n\t\t\t\t\t\t\n\t\t\t\t\t\t\t\t\t\t\t\t<div class=\"etn-col-md-6 etn-col-lg-4\">\n\t\t\t\t\t\t\t\t<div class=\"etn-event-item\">\n\t\t\t\t\t\t\t\t\t\t<!-- thumbnail -->\n\t\t\t\t\t\t\t\t\t\t<div class=\"etn-event-thumb\">\n\t\t\t\t\t\t\t\t\t\t\t\t\t\t\t\t\t\t\t\t\t<a href=\"https:\/\/mivado.com\/eshop\/m_event\/principes-de-fabrication-et-dexcellence-operationnelle\/\" aria-label=\"Webinars\">\n\t\t\t\t\t\t\t\t\t\t\t\t<img decoding=\"async\" src=\"https:\/\/mivado.com\/eshop\/wp-content\/uploads\/2026\/03\/mopex-1011.webp\" alt=\"Image\">\n\t\t\t\t\t\t\t\t\t\t\t<\/a>\n\t\t\t\t\t\t\t\t\t\t\t\t\t\t\t\t\t\t\t\t\t\n\t\t\t\t\t\t\t\t\t\t\t<div class=\"etn-event-category\">\n\t\t\t\t\t\t\t\t\t\t\t\t<span>French<\/span> <span>Masterclass<\/span> \t\t\t\t\t\t\t\t\t\t\t<\/div>\n\t\t\t\t\t\t\t\t\t\t<\/div>\n\t\t\t\t\t\t\t\t\t\t<!-- thumbnail start-->\n\n\t\t\t\t\t\t\t\t\t\t<!-- content start-->\n\t\t\t\t\t\t\t\t\t\t<div class=\"etn-event-content\">\n\t\t\t\t\t\t\t\t\t\t\t\t\n\t\t\t\t\t\t\t\t\t\t\t\t<div class=\"event-top-meta\">\n\t\t\t\t\t\t\t\t\t\t\t\t\t\t\t\t\t\t\t\t\t\t\t\t\t\t\t\t\t\t\t\t\t\t\t\t\t\t\t\t\t\t\t\t\t<div class=\"etn-event-location\"><i class=\"etn-icon etn-location\"><\/i> Online<\/div>\n\t\t\t\t\t\t\t\t\t\t\t\t\t\t\t\t\t\t\t\t\t\t\t\t\t\t\t\t\t \n\n\t\t\t\t\t\t\t\t\t\t\t\t\t\t\n\t\t\t\t\t\t\t\t\t\t\t\t\t\t\t\t\t\t\t\t\t\t\t\t\t\t\t\t\t\t<div class='etn-ticket-price'>\n\t\t\t\t\t\t\t\t\t\t\t\t\t\t\t\t\t\t<i class=\"etn-icon etn-money-bill\"><\/i>\n\n\t\t\t\t\t\t\t\t\t\t\t\t\t\t\t\t\t\t\t\t\t\t\t\t\t\t\t\t\t\t\t\t\t\t\t\t$399.99\t\t\t\t\t\t\t\t\t\t\t\t\t\t\t\t<\/div>\n\t\t\t\t\t\t\t\t\t\t\t\t\t\t\t\t\t\t\t\t\t\t\t\t\t\t<\/div>\n\n\t\t\t\t\t\t\t\t\t\t\t\t<h3 class=\"etn-title etn-event-title\"><a href=\"https:\/\/mivado.com\/eshop\/m_event\/principes-de-fabrication-et-dexcellence-operationnelle\/\"> Principes de fabrication et d&#8217;excellence op\u00e9rationnelle<\/a> <\/h3>\n\t\t\t\t\t\t\t\t\t\t\t\t\t\t\t\t\t\t\t\t\t\t\t\t\t<p>Principes de fabrication et d&#8217;excellence op\u00e9rationnelle Les op\u00e9rations constituent le processus de transformation au sein d&#8217;une s\u00e9rie d&#8217;activit\u00e9s, tout au<\/p>\n\t\t\t\t\t\t\t\t\t\t\t\t\t\t\t\t\t\t\t\t\t\t\t\t<div class=\"etn-event-footer\">\n\t\t\t\t\t\t\t\t\t\t\t\t\t\t<div class=\"etn-event-date\">\n\t\t\t\t\t\t\t\t\t\t\t\t\t\t\t\t\t\t<span>\n\t\t\t\t<i class=\"etn-icon etn-calendar\"><\/i>\n\t\t\t\t2026-07-09\t\t\t<\/span>\n\t\t\t\t\t\t\t\t\t\t\t\t\t\t\t\t<\/div>\n\t\t\t\t\t\t\t\t\t\t\t\t\t\t<div class=\"etn-atend-btn\">\n\t\t\t\t\t\t\t\t\t\t\t\t\t\t\t\t\t\t\t\t\t\t\t\t\t\t\t\t\t\t\t\t\t\t<a href=\"https:\/\/mivado.com\/eshop\/m_event\/principes-de-fabrication-et-dexcellence-operationnelle\/\" class=\"etn-btn etn-btn-border\" title=\"Principes de fabrication et d&#8217;excellence op\u00e9rationnelle\">Attend <i class=\"etn-icon etn-arrow-right\"><\/i><\/a>\n\t\t\t\t\t\t\t\t\t\t\t\t\t\t\t\t\t\t\t\t\t\t\t\t\t\t\t\t\t\t\t\t<\/div>\n\t\t\t\t\t\t\t\t\t\t\t\t<\/div>\n\t\t\t\t\t\t\t\t\t\t<\/div>\n                                    \t                                    \n\t\t\t\t\t\t\t\t\t\t<!-- content end-->\n\t\t\t\t\t\t\t\t<\/div>\n\t\t\t\t\t\t\t\t<!-- etn event item end-->\n\t\t\t\t\t\t<\/div>\n\t\t\t\t\t\t\n\t\t\t\t\t\t\t\t\t\t\t\t<div class=\"etn-col-md-6 etn-col-lg-4\">\n\t\t\t\t\t\t\t\t<div class=\"etn-event-item\">\n\t\t\t\t\t\t\t\t\t\t<!-- thumbnail -->\n\t\t\t\t\t\t\t\t\t\t<div class=\"etn-event-thumb\">\n\t\t\t\t\t\t\t\t\t\t\t\t\t\t\t\t\t\t\t\t\t<a href=\"https:\/\/mivado.com\/eshop\/m_event\/integration-de-lia-dans-le-lean-six-sigma-en-milieu-manufacturier\/\" aria-label=\"Webinars\">\n\t\t\t\t\t\t\t\t\t\t\t\t<img decoding=\"async\" src=\"https:\/\/mivado.com\/eshop\/wp-content\/uploads\/2025\/08\/integration_ai_lss_03.webp\" alt=\"Image\">\n\t\t\t\t\t\t\t\t\t\t\t<\/a>\n\t\t\t\t\t\t\t\t\t\t\t\t\t\t\t\t\t\t\t\t\t\n\t\t\t\t\t\t\t\t\t\t\t<div class=\"etn-event-category\">\n\t\t\t\t\t\t\t\t\t\t\t\t<span>French<\/span> \t\t\t\t\t\t\t\t\t\t\t<\/div>\n\t\t\t\t\t\t\t\t\t\t<\/div>\n\t\t\t\t\t\t\t\t\t\t<!-- thumbnail start-->\n\n\t\t\t\t\t\t\t\t\t\t<!-- content start-->\n\t\t\t\t\t\t\t\t\t\t<div class=\"etn-event-content\">\n\t\t\t\t\t\t\t\t\t\t\t\t\n\t\t\t\t\t\t\t\t\t\t\t\t<div class=\"event-top-meta\">\n\t\t\t\t\t\t\t\t\t\t\t\t\t\t\t\t\t\t\t\t\t\t\t\t\t\t\t\t\t\t\t\t\t\t\t\t\t\t\t\t\t\t\t\t\t<div class=\"etn-event-location\"><i class=\"etn-icon etn-location\"><\/i> Online<\/div>\n\t\t\t\t\t\t\t\t\t\t\t\t\t\t\t\t\t\t\t\t\t\t\t\t\t\t\t\t\t \n\n\t\t\t\t\t\t\t\t\t\t\t\t\t\t\n\t\t\t\t\t\t\t\t\t\t\t\t\t\t\t\t\t\t\t\t\t\t\t\t\t\t\t\t\t\t<div class='etn-ticket-price'>\n\t\t\t\t\t\t\t\t\t\t\t\t\t\t\t\t\t\t<i class=\"etn-icon etn-money-bill\"><\/i>\n\n\t\t\t\t\t\t\t\t\t\t\t\t\t\t\t\t\t\t\t\t\t\t\t\t\t\t\t\t\t\t\t\t\t\t\t\t$2199-$2790\t\t\t\t\t\t\t\t\t\t\t\t\t\t\t\t<\/div>\n\t\t\t\t\t\t\t\t\t\t\t\t\t\t\t\t\t\t\t\t\t\t\t\t\t\t<\/div>\n\n\t\t\t\t\t\t\t\t\t\t\t\t<h3 class=\"etn-title etn-event-title\"><a href=\"https:\/\/mivado.com\/eshop\/m_event\/integration-de-lia-dans-le-lean-six-sigma-en-milieu-manufacturier\/\"> Transformation des proc\u00e9d\u00e9s manufacturiers par l&#8217;IA appliqu\u00e9e au Lean Six Sigma<\/a> <\/h3>\n\t\t\t\t\t\t\t\t\t\t\t\t\t\t\t\t\t\t\t\t\t\t\t\t\t<p>Description\u00a0 Cette formation intensive de cinq (5) jours est con\u00e7ue pour les professionnels du secteur manufacturier (ing\u00e9nieurs, managers de production,<\/p>\n\t\t\t\t\t\t\t\t\t\t\t\t\t\t\t\t\t\t\t\t\t\t\t\t<div class=\"etn-event-footer\">\n\t\t\t\t\t\t\t\t\t\t\t\t\t\t<div class=\"etn-event-date\">\n\t\t\t\t\t\t\t\t\t\t\t\t\t\t\t\t\t\t<span>\n\t\t\t\t<i class=\"etn-icon etn-calendar\"><\/i>\n\t\t\t\t2026-08-10\t\t\t<\/span>\n\t\t\t\t\t\t\t\t\t\t\t\t\t\t\t\t<\/div>\n\t\t\t\t\t\t\t\t\t\t\t\t\t\t<div class=\"etn-atend-btn\">\n\t\t\t\t\t\t\t\t\t\t\t\t\t\t\t\t\t\t\t\t\t\t\t\t\t\t\t\t\t\t\t\t\t\t<a href=\"https:\/\/mivado.com\/eshop\/m_event\/integration-de-lia-dans-le-lean-six-sigma-en-milieu-manufacturier\/\" class=\"etn-btn etn-btn-border\" title=\"Transformation des proc\u00e9d\u00e9s manufacturiers par l&#8217;IA appliqu\u00e9e au Lean Six Sigma\">Attend <i class=\"etn-icon etn-arrow-right\"><\/i><\/a>\n\t\t\t\t\t\t\t\t\t\t\t\t\t\t\t\t\t\t\t\t\t\t\t\t\t\t\t\t\t\t\t\t<\/div>\n\t\t\t\t\t\t\t\t\t\t\t\t<\/div>\n\t\t\t\t\t\t\t\t\t\t<\/div>\n                                    \t                                    \n\t\t\t\t\t\t\t\t\t\t<!-- content end-->\n\t\t\t\t\t\t\t\t<\/div>\n\t\t\t\t\t\t\t\t<!-- etn event item end-->\n\t\t\t\t\t\t<\/div>\n\t\t\t\t\t\t\n\t\t\t\t\t\t<\/div>\n\n[\/vc_column_text][\/vc_column][\/vc_row]<\/p>\n<\/div>","protected":false},"excerpt":{"rendered":"<p>[vc_row][vc_column][vc_column_text css=&#8221;&#8221;][\/vc_column_text][\/vc_column][\/vc_row]<\/p>\n","protected":false},"author":1,"featured_media":0,"parent":0,"menu_order":0,"comment_status":"closed","ping_status":"closed","template":"template\/full-container.php","meta":{"footnotes":""},"class_list":["post-115","page","type-page","status-publish","hentry"],"wps_subtitle":"","_links":{"self":[{"href":"https:\/\/mivado.com\/eshop\/wp-json\/wp\/v2\/pages\/115","targetHints":{"allow":["GET"]}}],"collection":[{"href":"https:\/\/mivado.com\/eshop\/wp-json\/wp\/v2\/pages"}],"about":[{"href":"https:\/\/mivado.com\/eshop\/wp-json\/wp\/v2\/types\/page"}],"author":[{"embeddable":true,"href":"https:\/\/mivado.com\/eshop\/wp-json\/wp\/v2\/users\/1"}],"replies":[{"embeddable":true,"href":"https:\/\/mivado.com\/eshop\/wp-json\/wp\/v2\/comments?post=115"}],"version-history":[{"count":7,"href":"https:\/\/mivado.com\/eshop\/wp-json\/wp\/v2\/pages\/115\/revisions"}],"predecessor-version":[{"id":6355,"href":"https:\/\/mivado.com\/eshop\/wp-json\/wp\/v2\/pages\/115\/revisions\/6355"}],"wp:attachment":[{"href":"https:\/\/mivado.com\/eshop\/wp-json\/wp\/v2\/media?parent=115"}],"curies":[{"name":"wp","href":"https:\/\/api.w.org\/{rel}","templated":true}]}}