{"id":5722,"date":"2025-07-05T23:24:57","date_gmt":"2025-07-06T03:24:57","guid":{"rendered":"https:\/\/mivado.com\/eshop\/?page_id=5722"},"modified":"2025-08-25T00:37:17","modified_gmt":"2025-08-25T04:37:17","slug":"preparation-future-a-ladoption-de-lia-niveau-equipe","status":"publish","type":"page","link":"https:\/\/mivado.com\/eshop\/ai-transformation-strategy\/ai-future-ready-assessment-3\/preparation-future-a-ladoption-de-lia-niveau-equipe\/","title":{"rendered":"Pr\u00e9paration future \u00e0 l&#8217;adoption de l&#8217;IA &#8211; Niveau \u00c9quipe"},"content":{"rendered":"<p>You must be <a href=\"https:\/\/mivado.com\/eshop\/login\/\">logged in<\/a> to view this content.<\/p>\n<p>***<\/p>\n<p>Vous devez <a href=\"https:\/\/mivado.com\/eshop\/login\/\">\u00eatre connect\u00e9<\/a> pour voir ce contenu.<\/p>\n","protected":false},"excerpt":{"rendered":"<p>You must be logged in to view this content. *** Vous devez \u00eatre connect\u00e9 pour voir ce contenu.<\/p>\n","protected":false},"author":1,"featured_media":0,"parent":5135,"menu_order":0,"comment_status":"closed","ping_status":"closed","template":"template\/full-container.php","meta":{"footnotes":""},"class_list":["post-5722","page","type-page","status-publish","hentry"],"wps_subtitle":"Questionnaire","_links":{"self":[{"href":"https:\/\/mivado.com\/eshop\/wp-json\/wp\/v2\/pages\/5722","targetHints":{"allow":["GET"]}}],"collection":[{"href":"https:\/\/mivado.com\/eshop\/wp-json\/wp\/v2\/pages"}],"about":[{"href":"https:\/\/mivado.com\/eshop\/wp-json\/wp\/v2\/types\/page"}],"author":[{"embeddable":true,"href":"https:\/\/mivado.com\/eshop\/wp-json\/wp\/v2\/users\/1"}],"replies":[{"embeddable":true,"href":"https:\/\/mivado.com\/eshop\/wp-json\/wp\/v2\/comments?post=5722"}],"version-history":[{"count":3,"href":"https:\/\/mivado.com\/eshop\/wp-json\/wp\/v2\/pages\/5722\/revisions"}],"predecessor-version":[{"id":5946,"href":"https:\/\/mivado.com\/eshop\/wp-json\/wp\/v2\/pages\/5722\/revisions\/5946"}],"up":[{"embeddable":true,"href":"https:\/\/mivado.com\/eshop\/wp-json\/wp\/v2\/pages\/5135"}],"wp:attachment":[{"href":"https:\/\/mivado.com\/eshop\/wp-json\/wp\/v2\/media?parent=5722"}],"curies":[{"name":"wp","href":"https:\/\/api.w.org\/{rel}","templated":true}]}}